{"id":252,"date":"2025-05-16T11:39:36","date_gmt":"2025-05-16T09:39:36","guid":{"rendered":"https:\/\/www.marcolocatelli.com\/?page_id=252"},"modified":"2025-05-16T11:39:36","modified_gmt":"2025-05-16T09:39:36","slug":"biografia","status":"publish","type":"page","link":"https:\/\/www.marcolocatelli.com\/index.php\/biografia\/","title":{"rendered":"Biografia"},"content":{"rendered":"\n<h3 class=\"wp-block-heading\">Un breve resum\u00e9<\/h3>\n\n\n\n<p>2021-oggi Costituisce &#8211; in parthership con il fondo Seven e altri professionalissimi consulenti &#8211; la societ\u00e0 <a href=\"https:\/\/www.rexilience.eu\" target=\"_blank\" rel=\"noreferrer noopener\">Rexilience Srl<\/a> per fornire servizi di cyber security advisory, societ\u00e0 dove si occupa dell&#8217;amministrazione<\/p>\n\n\n\n<p>2020-2021 Costituisce &#8211; in parthership con la societ\u00e0 <a href=\"https:\/\/www.be-tse.it\/it\/\" target=\"_blank\" rel=\"noreferrer noopener\">Be &#8211; Shaping The Future<\/a> &#8211; la societ\u00e0 Human Mobility Srl per lo sviluppo di soluzioni finalizzate al social distancing e contact tracing per la lotta alla pandemia COVID19+, societ\u00e0 che amministra per tutto l&#8217;anno 2020<\/p>\n\n\n\n<p>2014-2020 Partecipa alla costituzione di GTI Gaming Srl, societ\u00e0 specializzata nei sistemi di gestione automatizzata per sale da gioco regolarmente autorizzate. In GTI assume il ruolo di CTO, responsabile dello sviluppo delle piattaforme software e del coordinamento delle tecnologie hardware<\/p>\n\n\n\n<p>2010-2015 Partecipa alla costituzione di Virthualis srl, per lo sviluppo di applicazioni di simulazione in realt\u00e0 virtuale per safety &amp; security, a seguito dell\u2019omonimo progetto di ricerca europeo (2005-2010) dove \u00e8 stato RTD Manager. In Virthualis assume il ruolo di Consigliere del CDA con deleghe allo sviluppo delle tecnologie<\/p>\n\n\n\n<p>2005 E&#8217; nata Carla Anna Vera!<\/p>\n\n\n\n<p>2005-2010 Partecipa al progetto di ricerca Europeo IV Programma quadro \u201c<a href=\"https:\/\/cordis.europa.eu\/article\/id\/89727-work-safety-goes-hightech\" target=\"_blank\" rel=\"noreferrer noopener\">Virthualis<\/a>\u201d in qualit\u00e0 di RTD (Research, Technological Development) Manager, progetto guidato dal Politecnico di Milano con la partecipazione di aziende ed universit\u00e0 da 15 Stati EU. <\/p>\n\n\n\n<p>Dal 2010 al 2016 \u00e8 Presidente del CDA di Eximia Srl, nonch\u00e9 responsabile dello sviluppo del business<\/p>\n\n\n\n<p>2003 E&#8217; nato <a href=\"http:\/\/giorgiolocatelli.it\" data-type=\"link\" data-id=\"giorgiolocatelli.it\" target=\"_blank\" rel=\"noreferrer noopener\">Giorgio Mario<\/a>!<\/p>\n\n\n\n<p>2003-2016 Partecipa alla costituzione di <a href=\"http:\/\/www.eximia.it\/\" target=\"_blank\" rel=\"noreferrer noopener\">Eximia Srl<\/a>. Eximia \u00e8 la prima societ\u00e0 in Italia specializzata in IoT, Internet of Things, RFId<\/p>\n\n\n\n<p>2001-2013 Presidente della societ\u00e0 Glamm Team (Suisse) SA<\/p>\n\n\n\n<p>2001 Fusione di Glamm Interactive SPA col Gruppo Dataservice SPA e partecipazione al processo di quotazione sul Nuovo Mercato Borsistico Italiano<\/p>\n\n\n\n<p>1995-2000 Co-fonda e assume il ruolo di presidente di Glamm Interactive SPA, societ\u00e0 focalizzata sul business dello sviluppo di servizi in Internet. Con Glamm Interactive collabora a portare in Internet clienti di primaria importanza sul mercato italiano (Mondadori, Pirelli, Stato del Vaticano, Banca Popolare di Bergamo, Brescia Online, Mediaset\/Jumpy e tanti altri)<\/p>\n\n\n\n<p>1994-1999 Partecipa alla costituzione di <a href=\"https:\/\/www.arsedizioni.it\/\" target=\"_blank\" rel=\"noreferrer noopener\">ARS Edizioni Informatiche Srl<\/a> a Milano e ne diventa responsabile per gli sviluppi tecnologici<\/p>\n\n\n\n<p>1990-1994 Partecipa alla costituzione ed allo sviluppo di ARS Informatica a Milano, societ\u00e0 focalizzata sullo sviluppo di applicazioni multimediali basate su CD-ROM<\/p>\n\n\n\n<p>1990 Anno di lavoro a Roma presso il CNR \/ Progetto finalizzato Sistemi Informatici e Calcolo Parallelo (grazie proff. <a href=\"https:\/\/www.di.uniroma1.it\/sites\/default\/files\/dipartimento\/capocelli.pdf\" data-type=\"link\" data-id=\"https:\/\/www.di.uniroma1.it\/sites\/default\/files\/dipartimento\/capocelli.pdf\" target=\"_blank\" rel=\"noreferrer noopener\">Renato Capocelli<\/a> e <a href=\"https:\/\/it.wikipedia.org\/wiki\/Bruno_Fadini\" target=\"_blank\" rel=\"noreferrer noopener\">Bruno Fadini<\/a>)<\/p>\n\n\n\n<p>1989 Laurea in Scienze della Informazione con tesi dal titolo &#8220;Testi, ipertesti e multimedialit\u00e0 nella progettazione e gestione di edifici intelligenti&#8221; (grazie prof. <a href=\"https:\/\/it.wikipedia.org\/wiki\/Giovanni_Degli_Antoni\" target=\"_blank\" rel=\"noreferrer noopener\">Gianni Degli Antoni<\/a>)<\/p>\n\n\n\n<p>1987 Partecipa attivamente ad IJCAI-87 (International Joint Conference on Artificial Intelligence) \/ Milano, presentando un paper su \u201cModellazione in Prolog dell\u2019HALTING problem per un qualsiasi algoritmo\u201d<\/p>\n\n\n\n<p>1986-1989 Docente di Matematica e Fisica presso l&#8217;istituto Ragionieri di Zogno (grazie prof. <a href=\"https:\/\/www.bergamonews.it\/2024\/10\/07\/addio-a-luigi-roffia-una-vita-per-la-scuola-il-suo-impegno-per-don-rubbi\/740553\/\" target=\"_blank\" rel=\"noreferrer noopener\">Luigi Roffia<\/a>)<\/p>\n\n\n\n<p>1985 Docente \/ Assistente presso il Laboratorio di Informatica Liceo Scientifico Lussana di Bergamo (grazie prof. <a href=\"https:\/\/www.lorenzi.info\/\" target=\"_blank\" rel=\"noreferrer noopener\">Agostino Lorenzi<\/a> e prof. Elisabetta Torriani)<\/p>\n","protected":false},"excerpt":{"rendered":"<p>Un breve resum\u00e9 2021-oggi Costituisce &#8211; in parthership con il fondo Seven e altri professionalissimi consulenti &#8211; la societ\u00e0 Rexilience Srl per fornire servizi di cyber security advisory, societ\u00e0 dove si occupa dell&#8217;amministrazione 2020-2021 Costituisce &#8211; in parthership con la societ\u00e0 Be &#8211; Shaping The Future &#8211; la societ\u00e0 Human Mobility Srl per lo sviluppo [&hellip;]<\/p>\n","protected":false},"author":1,"featured_media":0,"parent":0,"menu_order":0,"comment_status":"closed","ping_status":"closed","template":"","meta":{"footnotes":""},"class_list":["post-252","page","type-page","status-publish","hentry"],"_links":{"self":[{"href":"https:\/\/www.marcolocatelli.com\/index.php\/wp-json\/wp\/v2\/pages\/252","targetHints":{"allow":["GET"]}}],"collection":[{"href":"https:\/\/www.marcolocatelli.com\/index.php\/wp-json\/wp\/v2\/pages"}],"about":[{"href":"https:\/\/www.marcolocatelli.com\/index.php\/wp-json\/wp\/v2\/types\/page"}],"author":[{"embeddable":true,"href":"https:\/\/www.marcolocatelli.com\/index.php\/wp-json\/wp\/v2\/users\/1"}],"replies":[{"embeddable":true,"href":"https:\/\/www.marcolocatelli.com\/index.php\/wp-json\/wp\/v2\/comments?post=252"}],"version-history":[{"count":1,"href":"https:\/\/www.marcolocatelli.com\/index.php\/wp-json\/wp\/v2\/pages\/252\/revisions"}],"predecessor-version":[{"id":253,"href":"https:\/\/www.marcolocatelli.com\/index.php\/wp-json\/wp\/v2\/pages\/252\/revisions\/253"}],"wp:attachment":[{"href":"https:\/\/www.marcolocatelli.com\/index.php\/wp-json\/wp\/v2\/media?parent=252"}],"curies":[{"name":"wp","href":"https:\/\/api.w.org\/{rel}","templated":true}]}}